{"id":31,"date":"2011-12-12T00:48:11","date_gmt":"2011-12-11T22:48:11","guid":{"rendered":"http:\/\/susanne-voye.de\/?page_id=31"},"modified":"2011-12-15T00:53:50","modified_gmt":"2011-12-14T22:53:50","slug":"vita","status":"publish","type":"page","link":"http:\/\/susanne-voye.de\/?page_id=31","title":{"rendered":"Person"},"content":{"rendered":"<table>\n<colgroup>\n<col width=\"100\" \/>\n<col \/><\/colgroup>\n<tbody>\n<tr>\n<td>PERSONSPIELALTER<\/td>\n<td>42-50<\/td>\n<\/tr>\n<tr>\n<td>GR\u00d6\u00dfE<\/td>\n<td>165 cm<\/td>\n<\/tr>\n<tr>\n<td>HAARFARBE<\/td>\n<td>braun<\/td>\n<\/tr>\n<tr>\n<td>AUGENFARBE<\/td>\n<td>gr\u00fcn-braun<\/td>\n<\/tr>\n<tr>\n<td>NATIONALIT\u00c4T<\/td>\n<td>Deutsch<\/td>\n<\/tr>\n<tr>\n<td>WOHNSITZ<\/td>\n<td>Berlin<\/td>\n<\/tr>\n<tr>\n<td>WOHNM\u00d6GLICHKEIT<\/td>\n<td>Leipzig, M\u00fcnchen, Ruhrgebiet<\/td>\n<\/tr>\n<tr>\n<td>SPRACHEN<\/td>\n<td>Deutsch, Englisch, Russisch<\/td>\n<\/tr>\n<tr>\n<td>DIALEKTE<\/td>\n<td>Berlin, Sachsen-Anhalt,<\/td>\n<\/tr>\n<tr>\n<td>F\u00c4HIGKEITEN<\/td>\n<td>Grundbegriffe B\u00fchnenfechten und Handfeuerwaffen, Gesang (Lied)<\/td>\n<\/tr>\n<\/tbody>\n<\/table>\n<h1>WERDEGANG<\/h1>\n<table>\n<colgroup>\n<col width=\"100\" \/>\n<col \/><\/colgroup>\n<tbody>\n<tr>\n<td><\/td>\n<td>Geboren als Susanne Decke in Magdeburg<\/td>\n<\/tr>\n<tr>\n<td>Seit 1981<\/td>\n<td>Schauspielausbildung und Lebensmittelpunkt in Berlin<\/td>\n<\/tr>\n<tr>\n<td>1984<\/td>\n<td>Geburt der Tochter Marie Ernestine Worch<\/td>\n<\/tr>\n<tr>\n<td>1985-1988<\/td>\n<td>Engagements an diversen Theatern der DDR<\/td>\n<\/tr>\n<tr>\n<td>1988<\/td>\n<td>\u00dcbersiedlung nach K\u00f6ln<\/td>\n<\/tr>\n<tr>\n<td>1995-2002<\/td>\n<td>T\u00e4tigkeit in Produktionsteams unterschiedlicher Dokumentarfilm und Fernsehproduktionen<\/td>\n<\/tr>\n<tr>\n<td>Seit 2002<\/td>\n<td>freischaffende Schauspielerin und Kommunikationstrainerin<\/td>\n<\/tr>\n<tr>\n<td>Seit 2007<\/td>\n<td>verheiratet mit Thomas Voy\u00e9<\/td>\n<\/tr>\n<\/tbody>\n<\/table>\n<h1>AUSBILDUNG<\/h1>\n<table>\n<colgroup>\n<col width=\"100\" \/>\n<col \/><\/colgroup>\n<tbody>\n<tr>\n<td>1980-1981<\/td>\n<td>Privater Schauspielunterricht bei Thomas Thieme<\/td>\n<\/tr>\n<tr>\n<td>1981-1985<\/td>\n<td>Hochschule f\u00fcr Schauspielkunst &#8222;Ernst Busch&#8220;, Berlin<\/td>\n<\/tr>\n<tr>\n<td>2002-2003<\/td>\n<td>Seminar &#8222;Camera Acting&#8220;, Coaching Companie, Berlin<\/td>\n<\/tr>\n<\/tbody>\n<\/table>\n","protected":false},"excerpt":{"rendered":"<p>PERSONSPIELALTER 42-50 GR\u00d6\u00dfE 165 cm HAARFARBE braun AUGENFARBE gr\u00fcn-braun NATIONALIT\u00c4T Deutsch WOHNSITZ Berlin WOHNM\u00d6GLICHKEIT Leipzig, M\u00fcnchen, Ruhrgebiet SPRACHEN Deutsch, Englisch, Russisch DIALEKTE Berlin, Sachsen-Anhalt, F\u00c4HIGKEITEN Grundbegriffe B\u00fchnenfechten und Handfeuerwaffen, Gesang (Lied) WERDEGANG Geboren als Susanne Decke in Magdeburg Seit 1981 &hellip; <a href=\"http:\/\/susanne-voye.de\/?page_id=31\">Weiterlesen <span class=\"meta-nav\">&rarr;<\/span><\/a><\/p>\n","protected":false},"author":1,"featured_media":0,"parent":0,"menu_order":1,"comment_status":"closed","ping_status":"closed","template":"","meta":{"footnotes":""},"class_list":["post-31","page","type-page","status-publish","hentry"],"_links":{"self":[{"href":"http:\/\/susanne-voye.de\/index.php?rest_route=\/wp\/v2\/pages\/31","targetHints":{"allow":["GET"]}}],"collection":[{"href":"http:\/\/susanne-voye.de\/index.php?rest_route=\/wp\/v2\/pages"}],"about":[{"href":"http:\/\/susanne-voye.de\/index.php?rest_route=\/wp\/v2\/types\/page"}],"author":[{"embeddable":true,"href":"http:\/\/susanne-voye.de\/index.php?rest_route=\/wp\/v2\/users\/1"}],"replies":[{"embeddable":true,"href":"http:\/\/susanne-voye.de\/index.php?rest_route=%2Fwp%2Fv2%2Fcomments&post=31"}],"version-history":[{"count":12,"href":"http:\/\/susanne-voye.de\/index.php?rest_route=\/wp\/v2\/pages\/31\/revisions"}],"predecessor-version":[{"id":33,"href":"http:\/\/susanne-voye.de\/index.php?rest_route=\/wp\/v2\/pages\/31\/revisions\/33"}],"wp:attachment":[{"href":"http:\/\/susanne-voye.de\/index.php?rest_route=%2Fwp%2Fv2%2Fmedia&parent=31"}],"curies":[{"name":"wp","href":"https:\/\/api.w.org\/{rel}","templated":true}]}}